{"id":94,"date":"2015-04-29T11:04:28","date_gmt":"2015-04-29T11:04:28","guid":{"rendered":"http:\/\/172.17.240.61\/?page_id=94"},"modified":"2024-09-11T11:27:03","modified_gmt":"2024-09-11T09:27:03","slug":"vkm","status":"publish","type":"page","link":"https:\/\/atrako.gov.al\/?page_id=94","title":{"rendered":"Vkm"},"content":{"rendered":"<p style=\"text-align: justify;\"><span style=\"font-size: 14pt;\"><strong><span style=\"color: #000000;\">P\u00ebr Koncesionet<\/span><\/strong><\/span><\/p>\n<ul>\n<li style=\"text-align: justify;\"><a href=\"http:\/\/www.atrako.gov.al\/wp-content\/uploads\/2018\/01\/Vendim-nr-575-dat\u00eb-10.07.2013.pdf\">Vendim nr. 575, dat\u00eb 10.07.2013 &#8220;P\u00ebr miratimin e rregullave p\u00ebr vler\u00ebsimin dhe dh\u00ebnien me koncesion\/partneritet publik privat&#8221;<\/a><\/li>\n<\/ul>\n<hr \/>\n<h5 style=\"text-align: justify;\"><\/h5>\n<ul>\n<li style=\"text-align: justify;\"><a href=\"http:\/\/172.17.240.61\/wp-content\/uploads\/2015\/05\/576.pdf\">Vendim nr. 576, dat\u00eb 10.07.2013 &#8220;P\u00ebr miratimin e rregullave p\u00ebr identifikimin, vler\u00ebsimin dhe dh\u00ebnien e koncesioneve p\u00ebr hidrocentralet&#8221;<\/a><\/li>\n<\/ul>\n<hr \/>\n<h5 style=\"text-align: justify;\"><\/h5>\n<ul>\n<li style=\"text-align: justify;\"><a href=\"http:\/\/172.17.240.61\/wp-content\/uploads\/2015\/05\/vkm-130.pdf\">Vendim nr. 130, dat\u00eb 12.03.2014 &#8220;P\u00ebr kryerjen n\u00eb m\u00ebnyr\u00eb elektronike t\u00eb procedurave konkurruese t\u00eb koncesionit\/partneritetit publik privat&#8221;<\/a><\/li>\n<\/ul>\n<hr \/>\n<h5 style=\"text-align: justify;\"><\/h5>\n<ul>\n<li style=\"text-align: justify;\"><a href=\"http:\/\/172.17.240.61\/wp-content\/uploads\/2015\/05\/269.pdf\">Vendim nr. 269, dat\u00eb 18.4.2012 P\u00ebr disa shtesa dhe ndryshime n\u00eb vendimin nr. 27, dat\u00eb 19.1.2007 t\u00eb k\u00ebshillit t\u00eb ministrave &#8220;P\u00ebr miratimin e rregullave t\u00eb vler\u00ebsimit dhe t\u00eb dh\u00ebnies s\u00eb koncesioneve&#8221;, t\u00eb ndryshuar<\/a><\/li>\n<\/ul>\n<hr \/>\n<h5 style=\"text-align: justify;\"><\/h5>\n<ul>\n<li style=\"text-align: justify;\"><a href=\"http:\/\/172.17.240.61\/wp-content\/uploads\/2015\/05\/vkm-27-ndrysh.pdf\">Vendim nr. 27, dat\u00eb 19.01.2007 &#8220;P\u00ebr miratimin e rregullave t\u00eb vler\u00ebsimit dhe t\u00eb dh\u00ebnies s\u00eb koncesioneve i ndryshuar me vkm nr. 104, dat\u00eb 28.02.2007, vkm nr. 87, dat\u00eb 16.01.2008, vkm nr. 544, dat\u00eb 1.5.2008,vkm nr. 469, dat\u00eb 16.06.2010 dhe vkm nr. 268 date 18.04.2012<\/a><\/li>\n<\/ul>\n<hr \/>\n<h5 style=\"text-align: justify;\"><\/h5>\n<ul>\n<li style=\"text-align: justify;\"><a href=\"http:\/\/172.17.240.61\/wp-content\/uploads\/2015\/05\/27ndryshuar.pdf\">Vendim nr. 27, dat\u00eb 19.01.2007 &#8220;P\u00ebr miratimin e rregullave t\u00eb vler\u00ebsimit dhe t\u00eb dh\u00ebnies s\u00eb koncesioneve&#8221; i ndryshuar me vkm nr. 104, dat\u00eb 28.02.2007, vkm nr. 87, dat\u00eb 16.01.2008, vkm nr. 544, dat\u00eb 1.5.2008, dhe vkm nr. 469, dat\u00eb 16.06.2010<\/a><\/li>\n<\/ul>\n<hr \/>\n<h5 style=\"text-align: justify;\"><\/h5>\n<ul>\n<li style=\"text-align: justify;\"><a href=\"http:\/\/172.17.240.61\/wp-content\/uploads\/2015\/05\/VENDIMI-87.pdf\">Vendim nr. 87, dat\u00eb 16.01.2008 &#8220;P\u00ebr disa ndryshime dhe shtesa n\u00eb vendimin nr. 27, dat\u00eb 19.01.2007 p\u00ebr miratimin e rregullave t\u00eb vleresimit dhe t\u00eb dhen\u00ebs se koncesioneve&#8221;, t\u00eb ndryshuar&#8221;<\/a><\/li>\n<\/ul>\n<hr \/>\n<h5 style=\"text-align: justify;\"><\/h5>\n<ul>\n<li style=\"text-align: justify;\"><a href=\"http:\/\/172.17.240.61\/wp-content\/uploads\/2015\/05\/Vendimi-104-Fee.pdf\">Vendim nr.104, dat\u00eb 28.2.2007 P\u00ebr nj\u00eb shtes\u00eb n\u00eb vendimin nr.27, dat\u00eb 19.1.2007 t\u00eb K\u00ebshillit t\u00eb Ministrave \u201cP\u00ebr miratimin e rregullave t\u00eb vler\u00ebsimit dhe t\u00eb dh\u00ebnies s\u00eb koncesioneve\u201d<\/a><\/li>\n<\/ul>\n<hr \/>\n<h5 style=\"text-align: justify;\"><\/h5>\n<ul>\n<li style=\"text-align: justify;\"><a href=\"http:\/\/172.17.240.61\/wp-content\/uploads\/2015\/05\/vkm-27.pdf\">Vendim nr. 27, dat\u00eb 19.01.2007 &#8220;P\u00ebr miratimin e rregullave t\u00eb vler\u00ebsimit dhe t\u00eb dh\u00ebnies s\u00eb koncesioneve&#8221;<\/a><\/li>\n<\/ul>\n<hr \/>\n<h5 style=\"text-align: justify;\"><\/h5>\n<ul>\n<li style=\"text-align: justify;\"><a href=\"http:\/\/172.17.240.61\/wp-content\/uploads\/2015\/05\/191.pdf\">Vendim nr. 191, dat\u00eb 13.3.2012 P\u00ebr disa ndryshime n\u00eb vendimin nr. 150, dat\u00eb 22.3.3007 t\u00eb k\u00ebshillit t\u00eb ministrave &#8220;P\u00ebr organizimin dhe funksionimin e Agjencis\u00eb s\u00eb Trajtimit t\u00eb koncesioneve (ATRAKO)&#8221;<\/a><\/li>\n<\/ul>\n<hr \/>\n<h5 style=\"text-align: justify;\"><\/h5>\n<ul>\n<li style=\"text-align: justify;\"><a href=\"http:\/\/172.17.240.61\/wp-content\/uploads\/2015\/05\/VKM-150.pdf\">Vendim nr.150, dat\u00eb 22.3.2007 \u201cP\u00ebr organizimin dhe funksionimin e Agjencis\u00eb s\u00eb Trajtimit t\u00eb Koncesioneve (ATRAKO)\u201d<\/a><\/li>\n<\/ul>\n<hr \/>\n<h5 style=\"text-align: justify;\"><\/h5>\n<ul>\n<li style=\"text-align: justify;\"><a href=\"http:\/\/172.17.240.61\/wp-content\/uploads\/2015\/05\/Aktnormativ-Nr.1-dt.05.05.2010.pdf\">Akt Normativ nr.1, dat\u00eb 5.5.2010 p\u00ebr disa ndryshime dhe shtesa n\u00eb ligjin nr.9663, dat\u00eb 18.12.2006 &#8220;P\u00ebr Koncesionet&#8221;, t\u00eb ndryshuar.<\/a><\/li>\n<\/ul>\n<hr \/>\n<p><span style=\"font-size: 14pt;\"><strong><span style=\"color: #000000;\">P\u00ebr Prokurimin Publik<\/span><\/strong><\/span><\/p>\n<ul>\n<li style=\"text-align: justify;\"><a href=\"https:\/\/app.gov.al\/ep\/DF_DocumentViewer.aspx?id=7c34e91b-52b1-4ee0-89b8-0eeb12f05c5f\">V<\/a><a href=\"https:\/\/app.gov.al\/ep\/DF_DocumentViewer.aspx?id=7c34e91b-52b1-4ee0-89b8-0eeb12f05c5f\">ENDIM NR. 28 DAT\u00cb 14.01.2015 P\u00cbR NGARKIMIN E MINISTRIS\u00cb S\u00cb PUN\u00cbVE T\u00cb BRENDSHME P\u00cbR KRYERJEN E PROCEDURAVE T\u00cb PROKURIMIT PUBLIK, N\u00cb EM\u00cbR DHE P\u00cbR LLOGARI T\u00cb KRYEMINISTRIT, MINISTRAVE DHE INSTITUCIONEVE T\u00cb VAR\u00cbSIS\u00cb, P\u00cbR DISA MALLRA E SH\u00cbRBIME NDRYSHUAR ME VENDIMIN NR. 176, DAT\u00cb 25.2.2015<\/a><\/li>\n<\/ul>\n<hr \/>\n<h5 style=\"text-align: justify;\"><\/h5>\n<div>\n<div id=\"ctl00_ContentPane_HtmlViewer1\">\n<ul>\n<li style=\"text-align: justify;\"><a href=\"https:\/\/app.gov.al\/ep\/DF_DocumentViewer.aspx?id=06bd70f5-ab7e-498c-99a6-98a37a11be52\">VENDIM NR. 28 DAT\u00cb 14.01.2015 P\u00cbR NGARKIMIN E MINISTRIS\u00cb S\u00cb PUN\u00cbVE T\u00cb BRENDSHME P\u00cbR KRYERJEN E PROCEDURAVE T\u00cb PROKURIMIT PUBLIK, N\u00cb EM\u00cbR DHE P\u00cbR LLOGARI T\u00cb KRYEMINISTRIT, MINISTRAVE DHE INSTITUCIONEVE T\u00cb VAR\u00cbSIS\u00cb, P\u00cbR DISA MALLRA E SH\u00cbRBIME<\/a><\/li>\n<\/ul>\n<hr \/>\n<h5 style=\"text-align: justify;\" align=\"left\"><\/h5>\n<ul>\n<li style=\"text-align: justify;\"><a href=\"https:\/\/app.gov.al\/ep\/DF_DocumentViewer.aspx?id=69066d43-65af-4e5f-8334-ee2ecb3507b6\">VENDIM NR. 918 DAT\u00cb 29.12.2014 P\u00cbR KRYERJEN E PROCEDURAVE T\u00cb PROKURIMIT PUBLIK N\u00cb M\u00cbNYR\u00cb ELEKTRONIKE<\/a><\/li>\n<\/ul>\n<hr \/>\n<h5 style=\"text-align: justify;\" align=\"left\"><\/h5>\n<ul>\n<li style=\"text-align: justify;\"><a href=\"https:\/\/app.gov.al\/ep\/DF_DocumentViewer.aspx?id=625b4824-5691-4975-b510-7953744531ff\">VENDIM NR. 914 DAT\u00cb 29.12.2014 P\u00cbR MIRATIMIN E RREGULLAVE T\u00cb PROKURIMIT PUBLIK<\/a><\/li>\n<\/ul>\n<hr \/>\n<h5 style=\"text-align: justify;\" align=\"left\"><\/h5>\n<ul>\n<li style=\"text-align: justify;\"><a href=\"https:\/\/app.gov.al\/ep\/DF_DocumentViewer.aspx?id=1449a060-31cb-4acf-910b-2ed912d0de5e\">VENDIM NR. 379 DAT\u00cb 11.06.2014 P\u00cbR DISA SHTESA DHE NDRYSHIME N\u00cb VENDIMIN NR.1, DAT\u00cb 10.1.2007, T\u00cb K\u00cbSHILLIT T\u00cb MINISTRAVE, \u201cP\u00cbR RREGULLAT E PROKURIMIT PUBLIK\u201d, T\u00cb NDRYSHUAR<\/a><\/li>\n<\/ul>\n<hr \/>\n<h5 style=\"text-align: justify;\" align=\"left\"><\/h5>\n<ul>\n<li style=\"text-align: justify;\"><a href=\"https:\/\/app.gov.al\/ep\/DF_DocumentViewer.aspx?id=67253a13-937f-4932-856f-e2b98ba1dd3b\">VENDIM NR. 53 DAT\u00cb 21.01.2009 P\u00cbR NGARKIMIN E MINISTRIS\u00cb S\u00cb BRENDSHME P\u00cbR KRYERJEN E PROCEDURAVE T\u00cb PROKURIMIT PUBLIK, N\u00cb EM\u00cbR DHE P\u00cbR LLOGARI T\u00cb KRYEMINISTRIS\u00cb, MINISTRIVE DHE INSTITUCIONEVE T\u00cb VAR\u00cbSIS\u00cb, P\u00cbR DISA MALLRA E SH\u00cbRBIME, T\u00cb NDRYSHUAR ME VKM NR. 139, DAT\u00cb 03.03.2010, T\u00cb NDRYSHUAR ME VKM NR.384, DAT\u00cb 25.05.2011, T\u00cb NDRYSHUAR ME VKM NR.137, DAT\u00cb 12.03.2014<\/a><\/li>\n<\/ul>\n<hr \/>\n<h5 style=\"text-align: justify;\" align=\"left\"><\/h5>\n<ul>\n<li style=\"text-align: justify;\"><a href=\"https:\/\/app.gov.al\/ep\/DF_DocumentViewer.aspx?id=2bf1b3c1-d481-49d2-96c6-d68255980e1e\">VENDIM NR. 1 DAT\u00cb 10.01.2007 \u201cP\u00cbR RREGULLAT E PROKURIMIT PUBLIK\u201d, I NDRYSHUAR ME VKM NR.153, DAT\u00cb 22.03.2007, VKM NR.135, DAT\u00cb 03.02.2008, VKM NR.392, DAT\u00cb 08.04.2008, VKM NR.822, DATE 18.06.2008, VKM NR.46, DAT\u00cb 21.01.2009, VKM NR.495, DAT\u00cb 15.05.2009, VKM NR.917, DAT\u00cb 29.7.2009, VKM NR.398, DAT\u00cb 26.05.2010, VKM NR.32, DATE 23.01.2013 DHE VKM NR. 547, DAT\u00cb 13.6.2013<\/a><\/li>\n<\/ul>\n<hr \/>\n<h5 style=\"text-align: justify;\" align=\"left\"><\/h5>\n<ul>\n<li style=\"text-align: justify;\"><a href=\"https:\/\/app.gov.al\/ep\/DF_DocumentViewer.aspx?id=812366e6-2da6-4b8c-94e4-08a90d991cda\">VENDIM NR. 32 DAT\u00cb 23.01.2013 P\u00cbR P\u00cbR DISA SHTESA DHE NDRYSHIME N\u00cb VENDIMIN NR.1, DAT\u00cb 10.1.2007, T\u00cb K\u00cbSHILLIT T\u00cb MINISTRAVE, \u201cP\u00cbR MIRATIMIN E RREGULLAVE P\u00cbR PROKURIMIN PUBLIK\u201d, T\u00cb NDRYSHUAR<\/a><\/li>\n<\/ul>\n<hr \/>\n<h5 style=\"text-align: justify;\" align=\"left\"><\/h5>\n<ul>\n<li style=\"text-align: justify;\"><a href=\"https:\/\/app.gov.al\/ep\/DF_DocumentViewer.aspx?id=6c2b1b5d-9e93-401a-88b2-c4a543e730e0\">VENDIM NR. 47 DAT\u00cb 23.01.2013 PER NJE SHTESE NE VENDIMIN NR.45 DATE 21.01.2009 TE KESHILLIT TE MINISTRAVE P\u00cbR KRYERJEN E PROCEDURAVE N\u00cb M\u00cbNYR\u00cb ELEKTRONIK, TE NDRYSHUAR<\/a><\/li>\n<\/ul>\n<hr \/>\n<h5 style=\"text-align: justify;\" align=\"left\"><\/h5>\n<ul>\n<li style=\"text-align: justify;\"><a href=\"https:\/\/app.gov.al\/ep\/DF_DocumentViewer.aspx?id=bfaf0692-3d49-4cca-a017-66f808b6f226\">VENDIM NR. 1 DAT\u00cb 10.01.2007 \u201cP\u00cbR RREGULLAT E PROKURIMIT PUBLIK\u201d, I NDRYSHUAR ME VKM NR.153, DAT\u00cb 22.03.2007, VKM NR.135, DAT\u00cb 03.02.2008, VKM NR.392, DAT\u00cb 08.04.2008, VKM NR.822, DATE 18.06.2008, VKM NR.46, DAT\u00cb 21.01.2009 VKM NR.495, DAT\u00cb 15.05.2009 DHE VKM NR.398, DAT\u00cb 26.05.2010<\/a><\/li>\n<\/ul>\n<hr \/>\n<h5 style=\"text-align: justify;\" align=\"left\"><\/h5>\n<ul>\n<li style=\"text-align: justify;\"><a href=\"https:\/\/app.gov.al\/ep\/DF_DocumentViewer.aspx?id=67872494-7b2e-4117-8604-66f6cf17cf21\">VENDIM NR. 398 DAT\u00cb 26.05.2010 P\u00cbR P\u00cbR DISA SHTESA DHE NDRYSHIME N\u00cb VENDIMIN NR.1, DAT\u00cb 10.1.2007, T\u00cb K\u00cbSHILLIT T\u00cb MINISTRAVE, \u201cP\u00cbR MIRATIMIN E RREGULLAVE P\u00cbR PROKURIMIN PUBLIK\u201d, T\u00cb NDRYSHUAR<\/a><\/li>\n<\/ul>\n<hr \/>\n<h5 style=\"text-align: justify;\" align=\"left\"><\/h5>\n<ul>\n<li style=\"text-align: justify;\"><a href=\"https:\/\/app.gov.al\/ep\/DF_DocumentViewer.aspx?id=02d1fc18-dca1-4725-8026-3640ec4152fc\">VENDIM NR. 53 DAT\u00cb 21.1.2009 P\u00cbR NGARKIMIN E MINISTRIS\u00cb S\u00cb BRENDSHME P\u00cbR KRYERJEN E PROCEDURAVE T\u00cb PROKURIMIT PUBLIK, N\u00cb EM\u00cbR DHE P\u00cbR LLOGARI T\u00cb KRYEMINISTRIS\u00cb, MINISTRIVE DHE INSTITUCIONEVE T\u00cb VAR\u00cbSIS\u00cb, P\u00cbR DISA MALLRA E SH\u00cbRBIME, I NDRYSHUAR ME VKM NR. 139, DAT\u00cb 3.3.2010<\/a><\/li>\n<\/ul>\n<hr \/>\n<h5 style=\"text-align: justify;\" align=\"left\"><\/h5>\n<ul>\n<li style=\"text-align: justify;\"><a href=\"https:\/\/app.gov.al\/ep\/DF_DocumentViewer.aspx?id=a72b53ec-28ba-4b40-909e-09bf620c96e4\">VENDIM NR. 1 DAT\u00cb 10.01.2007 P\u00cbR RREGULLAT E PROKURIMIT PUBLIK\u201d, I NDRYSHUAR ME VKM NR.153, DAT\u00cb 22.03.2007, VKM NR.135, DAT\u00cb 03.02.2008, VKM NR.392, DAT\u00cb 08.04.2008, VKM NR.822, DATE 18.06.2008 DHE VKM NR.46, DAT\u00cb 21.01.2009<\/a><\/li>\n<\/ul>\n<hr \/>\n<h5 style=\"text-align: justify;\" align=\"left\"><\/h5>\n<ul>\n<li style=\"text-align: justify;\"><a href=\"https:\/\/app.gov.al\/ep\/DF_DocumentViewer.aspx?id=e786fd02-9952-49aa-8f07-28f1b05ec73f\">VENDIM NR. 46 DAT\u00cb 21.01.2009 P\u00cbR DISA NDRYSHIME DHE SHTESA N\u00cb VENDIMIN NR.1, DAT\u00cb 10.1.2007, T\u00cb K\u00cbSHILLIT T\u00cb MINISTRAVE, \u201cP\u00cbR MIRATIMIN E RREGULLAVE P\u00cbR PROKURIMIN PUBLIK\u201d, T\u00cb NDRYSHUAR<\/a><\/li>\n<\/ul>\n<hr \/>\n<h5 style=\"text-align: justify;\" align=\"left\"><\/h5>\n<ul>\n<li style=\"text-align: justify;\"><a href=\"https:\/\/app.gov.al\/ep\/DF_DocumentViewer.aspx?id=4466606a-978f-4b3d-a854-4d5f3a7575d9\">VENDIM NR. 45 DAT\u00cb 21.01.2009 P\u00cbR KRYERJEN E PROCEDURAVE N\u00cb M\u00cbNYR\u00cb ELEKTRONIKE<\/a><br \/>\n<hr \/>\n<\/li>\n<li style=\"text-align: justify;\"><a href=\"https:\/\/app.gov.al\/ep\/DF_DocumentViewer.aspx?id=8ae8d40c-cb44-4a5b-86e5-84774bf88cee\">VENDIM NR. 822 DAT\u00cb 18.6.2008 P\u00cbR DISA SHTESA N\u00cb VENDIMIN NR.1, DAT\u00cb 10.01.2007, T\u00cb K\u00cbSHILLIT T\u00cb MINISTRAVE, \u201cP\u00cbR MIRATIMIN E RREGULLAVE P\u00cbR PROKURIMIN PUBLIK\u201d, T\u00cb NDRYSHUAR<\/a><\/li>\n<\/ul>\n<hr \/>\n<h5 style=\"text-align: justify;\" align=\"left\"><\/h5>\n<ul>\n<li style=\"text-align: justify;\"><a href=\"https:\/\/app.gov.al\/ep\/DF_DocumentViewer.aspx?id=cca624c0-aa6a-4688-8c37-739b1424e264\">VENDIM NR. 135 DAT\u00cb 03.02.2008 P\u00cbR DISA NDRYSHIME DHE SHTESA N\u00cb VENDIMIN NR.1, DAT\u00cb 10.1.2007, T\u00cb K\u00cbSHILLIT T\u00cb MINISTRAVE &#8220;P\u00cbR MIRATIMIN E RREGULLAVE P\u00cbR PROKURIMIN PUBLIK\u201d, T\u00cb NDRYSHUAR<\/a><\/li>\n<\/ul>\n<hr \/>\n<ul>\n<li style=\"text-align: justify;\"><a href=\"https:\/\/app.gov.al\/ep\/DF_DocumentViewer.aspx?id=ad3a44ae-2f4a-4589-af16-5616ff083299\">VENDIM NR. 659 DAT\u00cb 03.10.2007 P\u00cbR RREGULLAT E KRYERJES SE PROCEDURAVE T\u00cb PROKURIMIT PUBLIK ME MJETE ELEKTRONIKE<\/a><\/li>\n<\/ul>\n<hr \/>\n<ul>\n<li style=\"text-align: justify;\"><a href=\"https:\/\/app.gov.al\/ep\/DF_DocumentViewer.aspx?id=29ca15f4-e79d-4865-b7d9-f89ab2f4270e\">VENDIM NR. 153 DAT\u00cb 22.03.2007 P\u00cbR DISA SHTESA DHE NDRYSHIME N\u00cb VENDIMIN NR.1, DAT\u00cb 10.1.2007, T\u00cb K\u00cbSHILLIT T\u00cb MINISTRAVE, \u201cP\u00cbR RREGULLAT E PROKURIMIT PUBLIK\u201d<\/a><\/li>\n<\/ul>\n<\/div>\n<\/div>\n","protected":false},"excerpt":{"rendered":"<p>P\u00ebr Koncesionet Vendim nr. 575, dat\u00eb 10.07.2013 &#8220;P\u00ebr miratimin e rregullave p\u00ebr vler\u00ebsimin dhe dh\u00ebnien me koncesion\/partneritet publik privat&#8221; Vendim nr. 576, dat\u00eb 10.07.2013 &#8220;P\u00ebr miratimin e rregullave p\u00ebr identifikimin, vler\u00ebsimin dhe dh\u00ebnien e koncesioneve p\u00ebr hidrocentralet&#8221; Vendim nr. 130, dat\u00eb 12.03.2014 &#8220;P\u00ebr kryerjen n\u00eb m\u00ebnyr\u00eb elektronike t\u00eb procedurave konkurruese t\u00eb koncesionit\/partneritetit publik privat&#8221; Vendim &hellip;<\/p>\n","protected":false},"author":1,"featured_media":0,"parent":0,"menu_order":0,"comment_status":"closed","ping_status":"closed","template":"","meta":{"footnotes":""},"class_list":["post-94","page","type-page","status-publish",""],"_links":{"self":[{"href":"https:\/\/atrako.gov.al\/index.php?rest_route=\/wp\/v2\/pages\/94","targetHints":{"allow":["GET"]}}],"collection":[{"href":"https:\/\/atrako.gov.al\/index.php?rest_route=\/wp\/v2\/pages"}],"about":[{"href":"https:\/\/atrako.gov.al\/index.php?rest_route=\/wp\/v2\/types\/page"}],"author":[{"embeddable":true,"href":"https:\/\/atrako.gov.al\/index.php?rest_route=\/wp\/v2\/users\/1"}],"replies":[{"embeddable":true,"href":"https:\/\/atrako.gov.al\/index.php?rest_route=%2Fwp%2Fv2%2Fcomments&post=94"}],"version-history":[{"count":39,"href":"https:\/\/atrako.gov.al\/index.php?rest_route=\/wp\/v2\/pages\/94\/revisions"}],"predecessor-version":[{"id":1470,"href":"https:\/\/atrako.gov.al\/index.php?rest_route=\/wp\/v2\/pages\/94\/revisions\/1470"}],"wp:attachment":[{"href":"https:\/\/atrako.gov.al\/index.php?rest_route=%2Fwp%2Fv2%2Fmedia&parent=94"}],"curies":[{"name":"wp","href":"https:\/\/api.w.org\/{rel}","templated":true}]}}