{"id":915,"date":"2018-08-23T17:25:36","date_gmt":"2018-08-23T15:25:36","guid":{"rendered":"http:\/\/atrako.4x4host.com\/?page_id=915"},"modified":"2025-06-10T12:02:04","modified_gmt":"2025-06-10T10:02:04","slug":"xxx","status":"publish","type":"page","link":"https:\/\/atrako.gov.al\/?page_id=915","title":{"rendered":"T\u00eb Dh\u00ebna t\u00eb Hapura"},"content":{"rendered":"\n","protected":false},"excerpt":{"rendered":"","protected":false},"author":1,"featured_media":0,"parent":0,"menu_order":0,"comment_status":"closed","ping_status":"closed","template":"","meta":{"footnotes":""},"class_list":["post-915","page","type-page","status-publish",""],"_links":{"self":[{"href":"https:\/\/atrako.gov.al\/index.php?rest_route=\/wp\/v2\/pages\/915","targetHints":{"allow":["GET"]}}],"collection":[{"href":"https:\/\/atrako.gov.al\/index.php?rest_route=\/wp\/v2\/pages"}],"about":[{"href":"https:\/\/atrako.gov.al\/index.php?rest_route=\/wp\/v2\/types\/page"}],"author":[{"embeddable":true,"href":"https:\/\/atrako.gov.al\/index.php?rest_route=\/wp\/v2\/users\/1"}],"replies":[{"embeddable":true,"href":"https:\/\/atrako.gov.al\/index.php?rest_route=%2Fwp%2Fv2%2Fcomments&post=915"}],"version-history":[{"count":3,"href":"https:\/\/atrako.gov.al\/index.php?rest_route=\/wp\/v2\/pages\/915\/revisions"}],"predecessor-version":[{"id":1524,"href":"https:\/\/atrako.gov.al\/index.php?rest_route=\/wp\/v2\/pages\/915\/revisions\/1524"}],"wp:attachment":[{"href":"https:\/\/atrako.gov.al\/index.php?rest_route=%2Fwp%2Fv2%2Fmedia&parent=915"}],"curies":[{"name":"wp","href":"https:\/\/api.w.org\/{rel}","templated":true}]}}