{"id":887,"date":"2018-08-13T16:08:05","date_gmt":"2018-08-13T14:08:05","guid":{"rendered":"http:\/\/atrako.4x4host.com\/?page_id=887"},"modified":"2025-06-17T11:30:12","modified_gmt":"2025-06-17T09:30:12","slug":"887-2","status":"publish","type":"page","link":"https:\/\/atrako.gov.al\/?page_id=887","title":{"rendered":"T\u00eb Dh\u00ebna t\u00eb Hapura"},"content":{"rendered":"[vc_section][vc_row][vc_column][vc_column_text]<span style=\"font-size: 12pt;\"><strong>&gt;&gt; Raportet Vjetore t\u00eb ATRAKO-s<\/strong><\/span><\/p>\n<p><a href=\"http:\/\/atrako.gov.al\/wp-content\/uploads\/2025\/06\/Relacion-mbi-raportet-e-monitorimit-per-12-mujorin-2022.pdf\">Relacion mbi raportet e monitorimit per 12- mujorin 2022<\/a><\/p>\n<p><a href=\"http:\/\/atrako.gov.al\/wp-content\/uploads\/2025\/06\/Raport-mbi-raportet-e-moniorimit-p\u00ebr-vitin-2023.pdf\">Raport mbi raportet e moniorimit p\u00ebr vitin 2023<\/a><\/p>\n<p><a href=\"http:\/\/atrako.gov.al\/wp-content\/uploads\/2025\/06\/12-mujori-PBA-2024.pdf\">12 &#8211; mujori PBA 2024<\/a><\/p>\n<p><span style=\"font-size: 12pt;\"><strong>&gt;&gt; Raportet Buxhetore dhe Financiare t\u00eb ATRAKO-s<\/strong><\/span><\/p>\n<p><a href=\"http:\/\/atrako.gov.al\/wp-content\/uploads\/2025\/06\/Buxheti-2022.pdf\">Buxheti 2022<\/a><\/p>\n<p><a href=\"http:\/\/atrako.gov.al\/wp-content\/uploads\/2025\/06\/Buxheti-2023.pdf\">Buxheti 2023<\/a><\/p>\n<p><a href=\"http:\/\/atrako.gov.al\/wp-content\/uploads\/2025\/06\/Bilanci-janar-mars-2024-Atrako-me-grup-10-sakt.pdf\">Bilanci janar -mars 2024 Atrako me grup 10 sakt<\/a><\/p>\n<p><a href=\"http:\/\/atrako.gov.al\/wp-content\/uploads\/2025\/06\/Bbilanci-Atrako-Prill-Dhjetor-2024-sakt.pdf\">Bbilanci Atrako Prill &#8211; Dhjetor 2024 sakt<\/a><\/p>\n<p>&nbsp;<\/p>\n<p><span style=\"font-size: 12pt;\"><strong>&gt;&gt; Regjistri i Realizimeve t\u00eb Prokurimit Publik<\/strong><\/span><\/p>\n<p><a href=\"http:\/\/atrako.gov.al\/wp-content\/uploads\/2025\/06\/Regjistri-i-Realizimeve-te-Prokurimit-Publik-per-Vitin-2023.pdf\">Regjistri i Realizimeve te Prokurimit Publik per Vitin 2023<\/a><\/p>\n<p><a href=\"http:\/\/atrako.gov.al\/wp-content\/uploads\/2025\/06\/Regjistri-i-Realizimeve-te-Prokurimeve-Publike.pdf\">Regjistri i Realizimeve te Prokurimeve Publike<\/a>\u00a0per Vitin 2024<\/p>\n<p>&nbsp;<\/p>\n<p><span style=\"font-size: 12pt;\"><strong>&gt;&gt; Informacion mbi sh\u00ebrbimet q\u00eb ofron ATRAKO<\/strong><\/span><\/p>\n<p><a href=\"http:\/\/atrako.gov.al\/wp-content\/uploads\/2025\/06\/Sh\u00ebrbimet-e-ofruara-nga-Agjencia-e-Trajtimit-t\u00eb-Koncesioneve.pdf\">Sh\u00ebrbimet e ofruara nga Agjencia e Trajtimit t\u00eb Koncesioneve<\/a><\/p>\n<p>&nbsp;<\/p>\n<p><span style=\"font-size: 12pt;\"><strong>&gt;&gt; Regjistri i K\u00ebrkesave dhe P\u00ebrgjigjeve<\/strong><\/span><\/p>\n<p><a href=\"http:\/\/atrako.gov.al\/wp-content\/uploads\/2025\/06\/Regjistri-i-K\u00ebrkesave-dhe-i-P\u00ebrgjigjeve-2022.pdf\">Regjistri i K\u00ebrkesave dhe i P\u00ebrgjigjeve 2022<\/a><\/p>\n<p><a href=\"http:\/\/atrako.gov.al\/wp-content\/uploads\/2025\/06\/Regjistri-i-Realizimeve-te-Prokurimit-Publik-per-Vitin-2023.pdf\">Regjistri i Realizimeve te Prokurimit Publik per Vitin 2023<\/a>[\/vc_column_text][\/vc_column][\/vc_row][\/vc_section][vc_section][vc_row][vc_column][vc_column_text]I am text block. Click edit button to change this text. Lorem ipsum dolor sit amet, consectetur adipiscing elit. Ut elit tellus, luctus nec ullamcorper mattis, pulvinar dapibus leo.[\/vc_column_text][\/vc_column][\/vc_row][\/vc_section]\n","protected":false},"excerpt":{"rendered":"<p>[vc_section][vc_row][vc_column][vc_column_text]&gt;&gt; Raportet Vjetore t\u00eb ATRAKO-s Relacion mbi raportet e monitorimit per 12- mujorin 2022 Raport mbi raportet e moniorimit p\u00ebr vitin 2023 12 &#8211; mujori PBA 2024 &gt;&gt; Raportet Buxhetore dhe Financiare t\u00eb ATRAKO-s Buxheti 2022 Buxheti 2023 Bilanci janar -mars 2024 Atrako me grup 10 sakt Bbilanci Atrako Prill &#8211; Dhjetor 2024 sakt &nbsp; &hellip;<\/p>\n","protected":false},"author":1,"featured_media":0,"parent":0,"menu_order":0,"comment_status":"closed","ping_status":"closed","template":"","meta":{"footnotes":""},"class_list":["post-887","page","type-page","status-publish",""],"_links":{"self":[{"href":"https:\/\/atrako.gov.al\/index.php?rest_route=\/wp\/v2\/pages\/887","targetHints":{"allow":["GET"]}}],"collection":[{"href":"https:\/\/atrako.gov.al\/index.php?rest_route=\/wp\/v2\/pages"}],"about":[{"href":"https:\/\/atrako.gov.al\/index.php?rest_route=\/wp\/v2\/types\/page"}],"author":[{"embeddable":true,"href":"https:\/\/atrako.gov.al\/index.php?rest_route=\/wp\/v2\/users\/1"}],"replies":[{"embeddable":true,"href":"https:\/\/atrako.gov.al\/index.php?rest_route=%2Fwp%2Fv2%2Fcomments&post=887"}],"version-history":[{"count":21,"href":"https:\/\/atrako.gov.al\/index.php?rest_route=\/wp\/v2\/pages\/887\/revisions"}],"predecessor-version":[{"id":1573,"href":"https:\/\/atrako.gov.al\/index.php?rest_route=\/wp\/v2\/pages\/887\/revisions\/1573"}],"wp:attachment":[{"href":"https:\/\/atrako.gov.al\/index.php?rest_route=%2Fwp%2Fv2%2Fmedia&parent=887"}],"curies":[{"name":"wp","href":"https:\/\/api.w.org\/{rel}","templated":true}]}}