{"id":84,"date":"2015-04-29T11:02:56","date_gmt":"2015-04-29T11:02:56","guid":{"rendered":"http:\/\/172.17.240.61\/?page_id=84"},"modified":"2019-08-29T09:01:37","modified_gmt":"2019-08-29T07:01:37","slug":"detyrat-kryesore","status":"publish","type":"page","link":"https:\/\/atrako.gov.al\/?page_id=84","title":{"rendered":"Detyrat Kryesore"},"content":{"rendered":"<p style=\"text-align: justify;\">Agjencia e Trajtimit t\u00eb Koncesioneve ndihmon dhe k\u00ebshillon Autoritetet Kontraktuese p\u00ebr:<\/p>\n<ul>\n<li style=\"text-align: justify;\">Shqyrtimin dhe vler\u00ebsimin e projekteve koncesionare, si propozime t\u00eb k\u00ebrkuara apo t\u00eb pak\u00ebrkuara, ve\u00e7an\u00ebrisht p\u00ebr aspektet e rentabilitetit, fizibilitetit, besueshm\u00ebris\u00eb financiare t\u00eb tyre dhe p\u00ebr kriterin e \u201cvler\u00ebs p\u00ebr para\u201d;<\/li>\n<li style=\"text-align: justify;\">Hartimin e k\u00ebrkes\u00ebs p\u00ebr propozim, dokumenteve t\u00eb parakualifikimit dhe t\u00eb akteve t\u00eb tjera, q\u00eb kan\u00eb lidhje me gar\u00ebn (p\u00ebrfshir\u00eb projektkontratat koncesionare);<\/li>\n<li style=\"text-align: justify;\">Vler\u00ebsimin e propozimeve;<\/li>\n<li style=\"text-align: justify;\">P\u00ebrcaktimin e ofertuesit m\u00eb t\u00eb mir\u00eb;<\/li>\n<li style=\"text-align: justify;\">Negocimet dhe n\u00ebnshkrimin e kontrat\u00ebs s\u00eb koncesionit;<\/li>\n<li style=\"text-align: justify;\">Merr pjes\u00eb dhe ndihmon n\u00eb hartimin dhe unifikimin e dokumenteve standarte (p\u00ebrfshi dhe kontratat), si dhe t\u00eb metodologjive p\u00ebr krahasimin e projekteve koncesionare;<\/li>\n<li style=\"text-align: justify;\">Organizon trajnimin e stafeve, q\u00eb zbatojn\u00eb projekte koncesioni;<\/li>\n<li style=\"text-align: justify;\">Promovon parimet, institucionale dhe ligjore, p\u00ebr nxitjen e p\u00ebrdorimit t\u00eb praktikave m\u00eb t\u00eb mira nd\u00ebrkomb\u00ebtare n\u00eb fush\u00ebn e koncesioneve, p\u00ebr t\u00ebrheqjen e investimeve t\u00eb huaja;<\/li>\n<li style=\"text-align: justify;\">Nxit zbatimin e praktik\u00ebs m\u00eb t\u00eb mir\u00eb p\u00ebr procedurat dhe rregullat e koncesionit;<\/li>\n<li style=\"text-align: justify;\">P\u00ebrgatit mendimin e saj p\u00ebr K\u00ebshillin e Ministrave, p\u00ebr kushtet e kontrat\u00ebs se koncesionit, si dhe p\u00ebr kriterin e \u201cvler\u00ebs p\u00ebr para\u201d n\u00eb projektin e koncesionit;<\/li>\n<li style=\"text-align: justify;\">Mban baz\u00ebn e t\u00eb dh\u00ebnave (data base) p\u00ebr projektet koncesionare n\u00eb shqyrtim, vler\u00ebsim apo ato n\u00eb zbatim;<\/li>\n<\/ul>\n","protected":false},"excerpt":{"rendered":"<p>Agjencia e Trajtimit t\u00eb Koncesioneve ndihmon dhe k\u00ebshillon Autoritetet Kontraktuese p\u00ebr: Shqyrtimin dhe vler\u00ebsimin e projekteve koncesionare, si propozime t\u00eb k\u00ebrkuara apo t\u00eb pak\u00ebrkuara, ve\u00e7an\u00ebrisht p\u00ebr aspektet e rentabilitetit, fizibilitetit, besueshm\u00ebris\u00eb financiare t\u00eb tyre dhe p\u00ebr kriterin e \u201cvler\u00ebs p\u00ebr para\u201d; Hartimin e k\u00ebrkes\u00ebs p\u00ebr propozim, dokumenteve t\u00eb parakualifikimit dhe t\u00eb akteve t\u00eb tjera, q\u00eb &hellip;<\/p>\n","protected":false},"author":1,"featured_media":0,"parent":0,"menu_order":0,"comment_status":"closed","ping_status":"closed","template":"","meta":{"footnotes":""},"class_list":["post-84","page","type-page","status-publish",""],"_links":{"self":[{"href":"https:\/\/atrako.gov.al\/index.php?rest_route=\/wp\/v2\/pages\/84","targetHints":{"allow":["GET"]}}],"collection":[{"href":"https:\/\/atrako.gov.al\/index.php?rest_route=\/wp\/v2\/pages"}],"about":[{"href":"https:\/\/atrako.gov.al\/index.php?rest_route=\/wp\/v2\/types\/page"}],"author":[{"embeddable":true,"href":"https:\/\/atrako.gov.al\/index.php?rest_route=\/wp\/v2\/users\/1"}],"replies":[{"embeddable":true,"href":"https:\/\/atrako.gov.al\/index.php?rest_route=%2Fwp%2Fv2%2Fcomments&post=84"}],"version-history":[{"count":8,"href":"https:\/\/atrako.gov.al\/index.php?rest_route=\/wp\/v2\/pages\/84\/revisions"}],"predecessor-version":[{"id":1187,"href":"https:\/\/atrako.gov.al\/index.php?rest_route=\/wp\/v2\/pages\/84\/revisions\/1187"}],"wp:attachment":[{"href":"https:\/\/atrako.gov.al\/index.php?rest_route=%2Fwp%2Fv2%2Fmedia&parent=84"}],"curies":[{"name":"wp","href":"https:\/\/api.w.org\/{rel}","templated":true}]}}