{"id":80,"date":"2015-04-29T11:02:24","date_gmt":"2015-04-29T11:02:24","guid":{"rendered":"http:\/\/172.17.240.61\/?page_id=80"},"modified":"2019-08-29T09:01:51","modified_gmt":"2019-08-29T07:01:51","slug":"misioni","status":"publish","type":"page","link":"https:\/\/atrako.gov.al\/?page_id=80","title":{"rendered":"Misioni"},"content":{"rendered":"<p style=\"text-align: justify;\">Agjencia e Trajtimit te Koncesioneve (ATRAKO) \u00ebsht\u00eb nj\u00eb institucion buxhetor q\u00eb ka si mission t\u00eb nxis\u00eb dhe asistoj\u00eb Autoritetet Kontraktore n\u00eb shqyrtimin e vler\u00ebsimin e projekteve koncesionare \/partneriteteve publike private, si propozime t\u00eb k\u00ebrkuara ose t\u00eb pak\u00ebrkuara; hartimin e k\u00ebrkes\u00ebs p\u00ebr propozim, dokumentave parakualifikuese dhe kualifikuese dhe vler\u00ebsimin e propozimeve, si dhe vijon me pro\u00e7edur\u00ebn p\u00ebr dh\u00ebnjen e koncesioneve\/partneriteteve publike private n\u00ebp\u00ebrmjet fazave t\u00eb:<\/p>\n<ul>\n<li style=\"text-align: justify;\">Identifikimit t\u00eb projekteve koncesionare\/partneriteteve publike private, si propozime t\u00eb k\u00ebrkuara ose t\u00eb pak\u00ebrkuara;<\/li>\n<li style=\"text-align: justify;\">P\u00ebrgatitjes dhe hartimit t\u00eb dokumenteve te gar\u00ebs, p\u00ebr projektet koncesionare\/partneriteteve publike private, si propozime t\u00eb k\u00ebrkuara ose t\u00eb pak\u00ebrkuara;<\/li>\n<li style=\"text-align: justify;\">Tenderimit t\u00eb projekteve koncesionare\/partneriteteve publike private;<\/li>\n<li style=\"text-align: justify;\">Negocimin e kontratave koncesionare.<\/li>\n<\/ul>\n","protected":false},"excerpt":{"rendered":"<p>Agjencia e Trajtimit te Koncesioneve (ATRAKO) \u00ebsht\u00eb nj\u00eb institucion buxhetor q\u00eb ka si mission t\u00eb nxis\u00eb dhe asistoj\u00eb Autoritetet Kontraktore n\u00eb shqyrtimin e vler\u00ebsimin e projekteve koncesionare \/partneriteteve publike private, si propozime t\u00eb k\u00ebrkuara ose t\u00eb pak\u00ebrkuara; hartimin e k\u00ebrkes\u00ebs p\u00ebr propozim, dokumentave parakualifikuese dhe kualifikuese dhe vler\u00ebsimin e propozimeve, si dhe vijon me pro\u00e7edur\u00ebn &hellip;<\/p>\n","protected":false},"author":1,"featured_media":0,"parent":0,"menu_order":0,"comment_status":"closed","ping_status":"closed","template":"","meta":{"footnotes":""},"class_list":["post-80","page","type-page","status-publish",""],"_links":{"self":[{"href":"https:\/\/atrako.gov.al\/index.php?rest_route=\/wp\/v2\/pages\/80","targetHints":{"allow":["GET"]}}],"collection":[{"href":"https:\/\/atrako.gov.al\/index.php?rest_route=\/wp\/v2\/pages"}],"about":[{"href":"https:\/\/atrako.gov.al\/index.php?rest_route=\/wp\/v2\/types\/page"}],"author":[{"embeddable":true,"href":"https:\/\/atrako.gov.al\/index.php?rest_route=\/wp\/v2\/users\/1"}],"replies":[{"embeddable":true,"href":"https:\/\/atrako.gov.al\/index.php?rest_route=%2Fwp%2Fv2%2Fcomments&post=80"}],"version-history":[{"count":10,"href":"https:\/\/atrako.gov.al\/index.php?rest_route=\/wp\/v2\/pages\/80\/revisions"}],"predecessor-version":[{"id":855,"href":"https:\/\/atrako.gov.al\/index.php?rest_route=\/wp\/v2\/pages\/80\/revisions\/855"}],"wp:attachment":[{"href":"https:\/\/atrako.gov.al\/index.php?rest_route=%2Fwp%2Fv2%2Fmedia&parent=80"}],"curies":[{"name":"wp","href":"https:\/\/api.w.org\/{rel}","templated":true}]}}