{"id":78,"date":"2015-04-29T11:02:13","date_gmt":"2015-04-29T11:02:13","guid":{"rendered":"http:\/\/172.17.240.61\/?page_id=78"},"modified":"2024-03-26T14:21:19","modified_gmt":"2024-03-26T13:21:19","slug":"rreth-nesh-2","status":"publish","type":"page","link":"https:\/\/atrako.gov.al\/?page_id=78","title":{"rendered":"Rreth Nesh"},"content":{"rendered":"<div class=\"detailsNewsContainer\">\n<div class=\"pageDescription\">\n<p style=\"text-align: justify;\"><a href=\"http:\/\/atrako.4x4host.com\/wp-content\/uploads\/2018\/07\/rreth-nesh.jpg\"><img loading=\"lazy\" decoding=\"async\" class=\"alignleft wp-image-848 size-medium\" src=\"http:\/\/atrako.4x4host.com\/wp-content\/uploads\/2018\/07\/rreth-nesh-288x300.jpg\" alt=\"\" width=\"288\" height=\"300\" srcset=\"https:\/\/atrako.gov.al\/wp-content\/uploads\/2018\/07\/rreth-nesh-288x300.jpg 288w, https:\/\/atrako.gov.al\/wp-content\/uploads\/2018\/07\/rreth-nesh.jpg 500w\" sizes=\"auto, (max-width: 288px) 100vw, 288px\" \/><\/a><\/p>\n<p><span style=\"font-size: 14pt;\"><strong>Kompetencat l\u00ebndore te institucionit<\/strong><\/span><\/p>\n<p style=\"text-align: justify;\">ATRAKO n\u00eb zbatim t\u00eb VKM Nr. 853, dat\u00eb 30.09.2013, \u00ebsht\u00eb person juridik publik, n\u00eb var\u00ebsi t\u00eb ministrit p\u00ebrgjegj\u00ebs p\u00ebr zhvillim ekonomik, treg\u00ebtis\u00eb dhe sip\u00ebrmarrjes dhe n\u00eb zbatim t\u00eb kuadrit ligjor n\u00eb fuqi, kjo Agjenci ka kompetencat si m\u00eb posht\u00eb vijon:<\/p>\n<p style=\"text-align: justify;\">&#8211; Agjencia e Trajtimit t\u00eb Koncesioneve e ushtron aktivitetin e saj n\u00eb t\u00eb gjithe territorin e rrepublik\u00ebs s\u00eb shqip\u00ebris\u00eb.<\/p>\n<p style=\"text-align: justify;\">Agjencia e Trajtimit t\u00eb koncesioneve n\u00eb baz\u00eb t\u00eb Nenit 12 t\u00eb Ligjit 125\/2013 kryen k\u00ebto funksione:<\/p>\n<p style=\"text-align: justify;\">&#8211; Identifikimin e projekteve koncesionare, si propozime t\u00eb k\u00ebrkuara apo t\u00eb pak\u00ebrkuara, duke asistuar Autoritetet Kontraktuese p\u00ebr p\u00ebrgatitjen e rentabilitetit, fizibilitetit, besueshm\u00ebris\u00eb financiare t\u00eb tyre n\u00eb baz\u00eb t\u00eb kriterit t\u00eb \u201cvler\u00ebs p\u00ebr para\u201d.<br \/>\n&#8211; Vler\u00ebsimin e ofertuesit m\u00eb t\u00eb mir\u00eb;<br \/>\n&#8211; Negocimet dhe n\u00ebnshkrimin e kontrat\u00ebs s\u00eb koncesionit.<br \/>\n&#8211; Kontrakton ekspert\u00eb t\u00eb specializuar n\u00eb tregun vendas apo nd\u00ebrkomb\u00ebtar, n\u00eb rast se gjykohet e nevojshme dhe me k\u00ebrkes\u00eb t\u00eb autoritetit kontraktues, p\u00ebr:<br \/>\nshqyrtimin, vler\u00ebsimin dhe realizimin e nj\u00eb projekti koncesionar;<br \/>\n&#8211; Merr pjes\u00eb dhe ndihmon n\u00eb hartimin dhe unifikimin e dokumenteve standarde (p\u00ebrfshi dhe kontratat), si dhe t\u00eb metodologjive p\u00ebr krahasimin e projekteve koncesionare.<br \/>\n&#8211; Organizon trajnimin e stafeve, q\u00eb zbatojn\u00eb projekte koncesioni.<br \/>\n&#8211; Promovon parimet, institucionale dhe ligjore, p\u00ebr nxitjen e p\u00ebrdorimit t\u00eb praktikave m\u00eb t\u00eb mira nd\u00ebrkomb\u00ebtare n\u00eb fush\u00ebn e koncesioneve, p\u00ebr t\u00ebrheqjen e investimeve t\u00eb huaja.<br \/>\n&#8211; P\u00ebrgatit mendimin e saj p\u00ebr K\u00ebshillin e Ministrave, p\u00ebr kushtet e kontrat\u00ebs s\u00eb koncesionit, si dhe p\u00ebr kriterin e \u201cvler\u00ebs p\u00ebr para\u201d n\u00eb projektin e koncesionit, n\u00eb p\u00ebrputhje me nenin 21\/4 t\u00eb ligjit nr.9663, dat\u00eb 18.12.2006 \u201cP\u00ebr koncesionet\u201d.<br \/>\n&#8211; Ndihmon n\u00eb mbajtjen e baz\u00ebs s\u00eb t\u00eb dh\u00ebnave (data base) p\u00ebr projektet koncesionare.<br \/>\nATRAKO referuar dispozitave te Ligjit Nr. 125\/2013 dat\u00eb 25.04.2013 \u201cP\u00ebr Koncesionet dhe Parteneritetin Publik Privat\u201c, per projektet e hidrocentraleve dhe projekteve te nisura para dates 25.04.2013, respekton dispozitat e Ligjit Nr.9663, dat\u00eb 18.12.2006 \u201cP\u00ebr Koncesionet\u201d i ndryshuar.<\/p>\n<p style=\"text-align: justify;\"><strong>Stuktura organizative dhe detyrat funksionale t\u00eb ATRAKO:<\/strong><\/p>\n<p style=\"text-align: justify;\">Sipas urdh\u00ebrit t\u00eb Kryeministrit nr.123, dat\u00eb 16.10.2012 \u201cP\u00ebr miratimin e struktur\u00ebs dhe t\u00eb organik\u00ebs s\u00eb Agjencis\u00eb s\u00eb Trajtimit t\u00eb Koncesioneve\u201d, ATRAKO ka n\u00eb organik\u00ebn e saj gjith\u00ebsej 12 ( dymb\u00ebdhjet\u00eb) punonj\u00ebs.<\/p>\n<p style=\"text-align: justify;\">\u00a0<strong>Funksionet kryesore \u00a0<\/strong><\/p>\n<p style=\"text-align: justify;\">Aktualisht ligji \u201cP\u00ebr Koncesionet dhe Partneritetin Publik Privat\u201d aplikohet n\u00eb dh\u00ebnien e koncesioneve nga autoritetet kontraktuese t\u00eb cilat jan\u00eb:<br \/>\n&#8211;\u00a0\u00a0 \u00a0Kryeministria, Ministrit\u00eb e Linj\u00ebs;<br \/>\n&#8211;\u00a0\u00a0 \u00a0Kuvendi;<br \/>\n&#8211;\u00a0\u00a0 \u00a0Nj\u00ebsit\u00eb e Qeverisjes Vendore.<\/p>\n<p style=\"text-align: justify;\"><strong>Veprimtaria ekonomike mbi t\u00eb cil\u00ebn mund t\u00eb zbatohen koncesionet\/partneritetet publike private jan\u00eb:<\/strong><\/p>\n<p style=\"text-align: justify;\">a) transport (sistemin e hekurudhave, transportin hekurudhor, portet, aeroportet, rrug\u00ebt, tunelet, urat, parkimin, transportin publik);<br \/>\nb) prodhim dhe shp\u00ebrndarje e energjis\u00eb elektrike dhe energjis\u00eb p\u00ebr ngrohje;<br \/>\nc) prodhim dhe shp\u00ebrndarje e ujit, trajtim, mbledhje, shp\u00ebrndarje dhe menaxhim i uj\u00ebrave t\u00eb zeza, ujitje, drenazhim, pastrim i kanaleve dhe digave;<br \/>\n\u00e7) menaxhim i mbeturinave, duke p\u00ebrfshir\u00eb mbledhjen, trajtimin, transferimin dhe depozitimin e tyre;<br \/>\nd) telekomunikacion;<br \/>\ndh) shkenc\u00eb dhe arsim;<br \/>\ne) turiz\u00ebm, arg\u00ebtim dhe hoteleri;<br \/>\n\u00eb) kultur\u00eb dhe sport;<br \/>\nf) sh\u00ebndet\u00ebsi;<br \/>\ng) sh\u00ebrbime sociale;<br \/>\ngj) burgje dhe infrastruktur\u00eb gjyq\u00ebsore;<br \/>\nh) rehabilitim i tok\u00ebs dhe pyjeve;<br \/>\ni) parqe industriale, miniera dhe infrastruktur\u00eb t\u00eb ngjashme p\u00ebr mb\u00ebshtetjen e biznesit;<br \/>\nj) strehim;<br \/>\nk) godina t\u00eb administrat\u00ebs publike, teknologji e informacionit dhe infrastruktur\u00eb e baz\u00ebs s\u00eb t\u00eb dh\u00ebnave;<br \/>\nl) shp\u00ebrndarje e gazit natyror;<br \/>\nll) rehabilitim dhe zhvillim urban dhe suburban.<\/p>\n<p style=\"text-align: justify;\">K\u00ebshilli i Ministrave, me propozimin e ministrive t\u00eb linj\u00ebs apo propozime q\u00eb k\u00ebto i marrin nga autoritete t\u00eb nj\u00ebsive t\u00eb qeverisjes vendore apo t\u00eb organeve q\u00ebndrore t\u00eb politik\u00ebs s\u00eb koncesioneve\/partneriteteve publike private, vendos p\u00ebr koncesionet\/partneritetet publike private q\u00eb zbatohen n\u00eb sektor\u00eb t\u00eb tjer\u00eb.<\/p>\n<p style=\"text-align: justify;\"><strong>Baza\u00a0 Ligjore<\/strong><\/p>\n<p style=\"text-align: justify;\">Urdh\u00ebr i Kryeministrit Nr. 123, dat\u00eb 16.10.2012 \u201cP\u00ebr miratimin e struktur\u00ebs dhe t\u00eb organik\u00ebs s\u00eb Agjencis\u00eb s\u00eb Trajtimit t\u00eb Koncesioneve\u201d;<br \/>\nRegullore e Agjencis\u00eb s\u00eb Trajtimit t\u00eb Koncesioneve Nr. 98, dat\u00eb 22.06.2009 miratuar me shkres\u00eb Nr. 5451\/1 Prot. \u00a0dat\u00eb 27.07.2009;<br \/>\nV.K.M. Nr. 150, dat\u00eb 22.03.2007 \u201cP\u00ebr organizimin dhe funksionimin e agjencis\u00eb s\u00eb trajtimit t\u00eb koncesioneve\u201d i ndryshuar;<br \/>\nV.K.M. Nr. 191, dat\u00eb 13.03.2012 \u201cP\u00ebr disa ndryshime n\u00eb vendimin Nr. 150, dat\u00eb 22.3.3007 t\u00eb K\u00ebshillit t\u00eb Ministrave &#8220;P\u00ebr organizimin dhe funksionimin e agjencis\u00eb s\u00eb trajtimit t\u00eb koncesioneve (ATRAKO)&#8221;;<br \/>\nV.K..M. Nr. 27, dat\u00eb 19.01.2007 \u201cP\u00ebr miratimin e rregullave p\u00ebr vler\u00ebsimin dhe dh\u00ebnien e koncesioneve\u201d, i ndryshuar;<br \/>\nV.K.M. Nr. 575, dat\u00eb 10.07.2013 \u201cP\u00ebr miratimin e rregullave p\u00ebr vler\u00ebsimin dhe dh\u00ebnien me koncesion\/partneritet publik privat\u201d;<br \/>\nV.K.M. Nr. 576, dat\u00eb 10.07.2013 \u201cP\u00ebr miratimin e rregullave p\u00ebr identifikimin, vler\u00ebsimin dhe dh\u00ebnien e koncesioneve p\u00ebr hidrocentralet\u201d;<br \/>\nV.K.M. Nr. 853, dat\u00eb 30.09.2013 \u201cP\u00ebr nj\u00eb shtes\u00eb n\u00eb vendimin Nr. 835, dat\u00eb 18.9.2013 t\u00eb K\u00ebshillit t\u00eb Ministrave \u201cP\u00ebr p\u00ebrcaktimin e fush\u00ebs s\u00eb p\u00ebrgjegj\u00ebsis\u00eb shtet\u00ebrore t\u00eb Ministris\u00eb s\u00eb Zhvillimit Ekonomik, Tregtis\u00eb dhe Sipermarrjes;<br \/>\nLigji Nr. 9663, dat\u00eb 18.12.2006 \u201dP\u00ebr Koncesionet\u201d i ndryshuar;<br \/>\nLigji Nr. 125\/2013, dat\u00eb 25.04.2013 \u201cP\u00ebr Koncesionet dhe Partenritetet Publike Private\u201d.<\/p>\n<\/div>\n<\/div>\n","protected":false},"excerpt":{"rendered":"<p>Kompetencat l\u00ebndore te institucionit ATRAKO n\u00eb zbatim t\u00eb VKM Nr. 853, dat\u00eb 30.09.2013, \u00ebsht\u00eb person juridik publik, n\u00eb var\u00ebsi t\u00eb ministrit p\u00ebrgjegj\u00ebs p\u00ebr zhvillim ekonomik, treg\u00ebtis\u00eb dhe sip\u00ebrmarrjes dhe n\u00eb zbatim t\u00eb kuadrit ligjor n\u00eb fuqi, kjo Agjenci ka kompetencat si m\u00eb posht\u00eb vijon: &#8211; Agjencia e Trajtimit t\u00eb Koncesioneve e ushtron aktivitetin e saj &hellip;<\/p>\n","protected":false},"author":1,"featured_media":454,"parent":0,"menu_order":0,"comment_status":"closed","ping_status":"closed","template":"","meta":{"footnotes":""},"class_list":["post-78","page","type-page","status-publish","has-post-thumbnail",""],"_links":{"self":[{"href":"https:\/\/atrako.gov.al\/index.php?rest_route=\/wp\/v2\/pages\/78","targetHints":{"allow":["GET"]}}],"collection":[{"href":"https:\/\/atrako.gov.al\/index.php?rest_route=\/wp\/v2\/pages"}],"about":[{"href":"https:\/\/atrako.gov.al\/index.php?rest_route=\/wp\/v2\/types\/page"}],"author":[{"embeddable":true,"href":"https:\/\/atrako.gov.al\/index.php?rest_route=\/wp\/v2\/users\/1"}],"replies":[{"embeddable":true,"href":"https:\/\/atrako.gov.al\/index.php?rest_route=%2Fwp%2Fv2%2Fcomments&post=78"}],"version-history":[{"count":17,"href":"https:\/\/atrako.gov.al\/index.php?rest_route=\/wp\/v2\/pages\/78\/revisions"}],"predecessor-version":[{"id":1385,"href":"https:\/\/atrako.gov.al\/index.php?rest_route=\/wp\/v2\/pages\/78\/revisions\/1385"}],"wp:featuredmedia":[{"embeddable":true,"href":"https:\/\/atrako.gov.al\/index.php?rest_route=\/wp\/v2\/media\/454"}],"wp:attachment":[{"href":"https:\/\/atrako.gov.al\/index.php?rest_route=%2Fwp%2Fv2%2Fmedia&parent=78"}],"curies":[{"name":"wp","href":"https:\/\/api.w.org\/{rel}","templated":true}]}}