{"id":688,"date":"2017-06-12T11:29:53","date_gmt":"2017-06-12T09:29:53","guid":{"rendered":"http:\/\/www.atrako.gov.al\/?page_id=688"},"modified":"2024-06-05T13:02:28","modified_gmt":"2024-06-05T11:02:28","slug":"denonco","status":"publish","type":"page","link":"https:\/\/atrako.gov.al\/?page_id=688","title":{"rendered":"Denonco"},"content":{"rendered":"[vc_row][vc_column][vc_column_text]\n<h5 style=\"text-align: center;\">Denonco\u00a0p\u00ebrfshirjen e punonj\u00ebsve t\u00eb Administrates Shteterore n\u00eb veprimatari politike<\/h5>\n<h5 style=\"text-align: center;\">Kontakto direkt Kryetarin e ATRAKO, Z. Emiliano Gjika n\u00eb k\u00ebt\u00eb adres\u00eb emaili:<\/h5>\n<h5 style=\"text-align: center;\"><\/h5>\n<h6 style=\"text-align: center;\"><\/h6>\n<h6 style=\"text-align: center;\"><\/h6>\n<h6 style=\"text-align: center;\"><strong>emiliano.gjika@atrako.gov.al<\/strong><\/h6>\n<p>&nbsp;<\/p>\n<h5 style=\"text-align: center;\"><strong>Ministria Ekonomis\u00eb, Kultur\u00ebs dhe Inovacionit<\/strong><\/h5>\n<h5 style=\"text-align: center;\">Bulevardi &#8220;D\u00ebshmor\u00ebt e 4 Shkurtit\u201d, Nr. 2, Tiran\u00eb.<\/h5>\n<p>&nbsp;<\/p>\n<h6 style=\"text-align: center;\"><a href=\"http:\/\/www.atrako.gov.al\/?page_id=171\">ose kliko k\u00ebtu &#8230;<\/a><\/h6>\n<h6 style=\"text-align: center;\"><\/h6>\n[\/vc_column_text][\/vc_column][\/vc_row]\n","protected":false},"excerpt":{"rendered":"<p>[vc_row][vc_column][vc_column_text] Denonco\u00a0p\u00ebrfshirjen e punonj\u00ebsve t\u00eb Administrates Shteterore n\u00eb veprimatari politike Kontakto direkt Kryetarin e ATRAKO, Z. Emiliano Gjika n\u00eb k\u00ebt\u00eb adres\u00eb emaili: emiliano.gjika@atrako.gov.al &nbsp; Ministria Ekonomis\u00eb, Kultur\u00ebs dhe Inovacionit Bulevardi &#8220;D\u00ebshmor\u00ebt e 4 Shkurtit\u201d, Nr. 2, Tiran\u00eb. &nbsp; ose kliko k\u00ebtu &#8230; [\/vc_column_text][\/vc_column][\/vc_row]<\/p>\n","protected":false},"author":1,"featured_media":0,"parent":0,"menu_order":0,"comment_status":"closed","ping_status":"closed","template":"","meta":{"footnotes":""},"class_list":["post-688","page","type-page","status-publish",""],"_links":{"self":[{"href":"https:\/\/atrako.gov.al\/index.php?rest_route=\/wp\/v2\/pages\/688","targetHints":{"allow":["GET"]}}],"collection":[{"href":"https:\/\/atrako.gov.al\/index.php?rest_route=\/wp\/v2\/pages"}],"about":[{"href":"https:\/\/atrako.gov.al\/index.php?rest_route=\/wp\/v2\/types\/page"}],"author":[{"embeddable":true,"href":"https:\/\/atrako.gov.al\/index.php?rest_route=\/wp\/v2\/users\/1"}],"replies":[{"embeddable":true,"href":"https:\/\/atrako.gov.al\/index.php?rest_route=%2Fwp%2Fv2%2Fcomments&post=688"}],"version-history":[{"count":23,"href":"https:\/\/atrako.gov.al\/index.php?rest_route=\/wp\/v2\/pages\/688\/revisions"}],"predecessor-version":[{"id":1445,"href":"https:\/\/atrako.gov.al\/index.php?rest_route=\/wp\/v2\/pages\/688\/revisions\/1445"}],"wp:attachment":[{"href":"https:\/\/atrako.gov.al\/index.php?rest_route=%2Fwp%2Fv2%2Fmedia&parent=688"}],"curies":[{"name":"wp","href":"https:\/\/api.w.org\/{rel}","templated":true}]}}