{"id":648,"date":"2016-11-15T13:49:23","date_gmt":"2016-11-15T11:49:23","guid":{"rendered":"http:\/\/localhost\/html\/?page_id=648"},"modified":"2016-11-16T13:26:00","modified_gmt":"2016-11-16T11:26:00","slug":"raport6","status":"publish","type":"page","link":"https:\/\/atrako.gov.al\/?page_id=648","title":{"rendered":"Krahasimi i Vler\u00ebs s\u00eb Investimit me \u00c7mimin"},"content":{"rendered":"","protected":false},"excerpt":{"rendered":"","protected":false},"author":1,"featured_media":0,"parent":0,"menu_order":0,"comment_status":"closed","ping_status":"open","template":"Raport5.php","meta":{"footnotes":""},"class_list":["post-648","page","type-page","status-publish",""],"_links":{"self":[{"href":"https:\/\/atrako.gov.al\/index.php?rest_route=\/wp\/v2\/pages\/648","targetHints":{"allow":["GET"]}}],"collection":[{"href":"https:\/\/atrako.gov.al\/index.php?rest_route=\/wp\/v2\/pages"}],"about":[{"href":"https:\/\/atrako.gov.al\/index.php?rest_route=\/wp\/v2\/types\/page"}],"author":[{"embeddable":true,"href":"https:\/\/atrako.gov.al\/index.php?rest_route=\/wp\/v2\/users\/1"}],"replies":[{"embeddable":true,"href":"https:\/\/atrako.gov.al\/index.php?rest_route=%2Fwp%2Fv2%2Fcomments&post=648"}],"version-history":[{"count":2,"href":"https:\/\/atrako.gov.al\/index.php?rest_route=\/wp\/v2\/pages\/648\/revisions"}],"predecessor-version":[{"id":670,"href":"https:\/\/atrako.gov.al\/index.php?rest_route=\/wp\/v2\/pages\/648\/revisions\/670"}],"wp:attachment":[{"href":"https:\/\/atrako.gov.al\/index.php?rest_route=%2Fwp%2Fv2%2Fmedia&parent=648"}],"curies":[{"name":"wp","href":"https:\/\/api.w.org\/{rel}","templated":true}]}}