{"id":165,"date":"2015-04-29T12:58:47","date_gmt":"2015-04-29T12:58:47","guid":{"rendered":"http:\/\/172.17.240.61\/?page_id=165"},"modified":"2024-06-05T12:53:56","modified_gmt":"2024-06-05T10:53:56","slug":"kordinatori","status":"publish","type":"page","link":"https:\/\/atrako.gov.al\/?page_id=165","title":{"rendered":"Koordinatori"},"content":{"rendered":"[vc_row][vc_column][vc_column_text]<span style=\"color: #333333; font-size: 14pt;\">Koordinatori p\u00ebr te drejt\u00ebn e informimit p\u00ebr ATRAKO:<\/span><\/p>\n<p><strong><span style=\"color: #333333;\">Znj. Ankiola Gjyli<br \/>\n<\/span><\/strong><\/p>\n<p><span style=\"color: #333333;\"><strong>Adresa: <\/strong>Ministria Ekonomis\u00eb, Kultur\u00ebs dhe Inovacionit<br \/>\n<\/span><\/p>\n<p><span style=\"color: #333333;\">Bulevardi &#8220;D\u00ebshmor\u00ebt e 4 Shkurtit\u201d, Nr. 2, Tiran\u00eb.<\/span><\/p>\n<p><strong>Tel: <\/strong>069 51 64 334<\/p>\n<p><strong>Email:<\/strong> ankiola.gjyli@atrako.gov.al<\/p>\n<p><strong>Orari:<\/strong> E h\u00ebn\u00eb \u2013 E enjte 08:00 \u2013 16:30<\/p>\n<p><strong>\u00a0\u00a0\u00a0\u00a0\u00a0\u00a0 \u00a0 \u00a0 <\/strong>E premte 08:00 \u2013 14:00<\/p>\n[\/vc_column_text][\/vc_column][\/vc_row]\n","protected":false},"excerpt":{"rendered":"<p>[vc_row][vc_column][vc_column_text]Koordinatori p\u00ebr te drejt\u00ebn e informimit p\u00ebr ATRAKO: Znj. Ankiola Gjyli Adresa: Ministria Ekonomis\u00eb, Kultur\u00ebs dhe Inovacionit Bulevardi &#8220;D\u00ebshmor\u00ebt e 4 Shkurtit\u201d, Nr. 2, Tiran\u00eb. Tel: 069 51 64 334 Email: ankiola.gjyli@atrako.gov.al Orari: E h\u00ebn\u00eb \u2013 E enjte 08:00 \u2013 16:30 \u00a0\u00a0\u00a0\u00a0\u00a0\u00a0 \u00a0 \u00a0 E premte 08:00 \u2013 14:00 [\/vc_column_text][\/vc_column][\/vc_row]<\/p>\n","protected":false},"author":1,"featured_media":0,"parent":0,"menu_order":0,"comment_status":"closed","ping_status":"closed","template":"","meta":{"footnotes":""},"class_list":["post-165","page","type-page","status-publish",""],"_links":{"self":[{"href":"https:\/\/atrako.gov.al\/index.php?rest_route=\/wp\/v2\/pages\/165","targetHints":{"allow":["GET"]}}],"collection":[{"href":"https:\/\/atrako.gov.al\/index.php?rest_route=\/wp\/v2\/pages"}],"about":[{"href":"https:\/\/atrako.gov.al\/index.php?rest_route=\/wp\/v2\/types\/page"}],"author":[{"embeddable":true,"href":"https:\/\/atrako.gov.al\/index.php?rest_route=\/wp\/v2\/users\/1"}],"replies":[{"embeddable":true,"href":"https:\/\/atrako.gov.al\/index.php?rest_route=%2Fwp%2Fv2%2Fcomments&post=165"}],"version-history":[{"count":17,"href":"https:\/\/atrako.gov.al\/index.php?rest_route=\/wp\/v2\/pages\/165\/revisions"}],"predecessor-version":[{"id":1443,"href":"https:\/\/atrako.gov.al\/index.php?rest_route=\/wp\/v2\/pages\/165\/revisions\/1443"}],"wp:attachment":[{"href":"https:\/\/atrako.gov.al\/index.php?rest_route=%2Fwp%2Fv2%2Fmedia&parent=165"}],"curies":[{"name":"wp","href":"https:\/\/api.w.org\/{rel}","templated":true}]}}