{"id":159,"date":"2015-04-29T12:57:47","date_gmt":"2015-04-29T12:57:47","guid":{"rendered":"http:\/\/172.17.240.61\/?page_id=159"},"modified":"2024-03-12T13:15:40","modified_gmt":"2024-03-12T12:15:40","slug":"programi-i-trasparences","status":"publish","type":"page","link":"https:\/\/atrako.gov.al\/?page_id=159","title":{"rendered":"Programi i Trasparenc\u00ebs"},"content":{"rendered":"[vc_row][vc_column][vc_column_text]<embed src=\"\/transparenca\/index.html\" type=\"text\/html\" width=\"100%\" height=\"950\"><\/embed><\/p>\n<p>SH\u00cbRBIME T\u00cb OFRUARA NGA AGJENCIA E TRAJTIMIT T\u00cb KONCESIONEVE<\/p>\n<p>Bazuar ne ligjin 15\/2013 \u2018P\u00ebr Koncesionet dhe Partneritetin Publik Privat\u2019 i ndryshuar,<\/p>\n<p>Agjencia e Trajtimit t\u00eb Koncesioneve ofron sh\u00ebrbimet si m\u00eb posht\u00eb:<\/p>\n<p>a) p\u00ebrgatitjen e studimit t\u00eb fizibilitetit;<\/p>\n<p>b) p\u00ebrgatitjen e dokumenteve t\u00eb procedur\u00ebs konkurruese dhe kritereve t\u00eb vler\u00ebsimit;<\/p>\n<p>c) vler\u00ebsimin e propozimeve dhe p\u00ebrcaktimin e ofertuesit m\u00eb t\u00eb mir\u00eb;<\/p>\n<p>\u00e7) kryerjen e negocimeve dhe n\u00ebnshkrimin e kontrat\u00ebs s\u00eb koncesionit;<\/p>\n<p>d) monitorimin e kontratave t\u00eb koncesionit.[\/vc_column_text][\/vc_column][\/vc_row][vc_row][vc_column][vc_column_text][\/vc_column_text][\/vc_column][\/vc_row]\n","protected":false},"excerpt":{"rendered":"<p>[vc_row][vc_column][vc_column_text] SH\u00cbRBIME T\u00cb OFRUARA NGA AGJENCIA E TRAJTIMIT T\u00cb KONCESIONEVE Bazuar ne ligjin 15\/2013 \u2018P\u00ebr Koncesionet dhe Partneritetin Publik Privat\u2019 i ndryshuar, Agjencia e Trajtimit t\u00eb Koncesioneve ofron sh\u00ebrbimet si m\u00eb posht\u00eb: a) p\u00ebrgatitjen e studimit t\u00eb fizibilitetit; b) p\u00ebrgatitjen e dokumenteve t\u00eb procedur\u00ebs konkurruese dhe kritereve t\u00eb vler\u00ebsimit; c) vler\u00ebsimin e propozimeve dhe p\u00ebrcaktimin &hellip;<\/p>\n","protected":false},"author":1,"featured_media":0,"parent":0,"menu_order":0,"comment_status":"closed","ping_status":"closed","template":"","meta":{"footnotes":""},"class_list":["post-159","page","type-page","status-publish",""],"_links":{"self":[{"href":"https:\/\/atrako.gov.al\/index.php?rest_route=\/wp\/v2\/pages\/159","targetHints":{"allow":["GET"]}}],"collection":[{"href":"https:\/\/atrako.gov.al\/index.php?rest_route=\/wp\/v2\/pages"}],"about":[{"href":"https:\/\/atrako.gov.al\/index.php?rest_route=\/wp\/v2\/types\/page"}],"author":[{"embeddable":true,"href":"https:\/\/atrako.gov.al\/index.php?rest_route=\/wp\/v2\/users\/1"}],"replies":[{"embeddable":true,"href":"https:\/\/atrako.gov.al\/index.php?rest_route=%2Fwp%2Fv2%2Fcomments&post=159"}],"version-history":[{"count":33,"href":"https:\/\/atrako.gov.al\/index.php?rest_route=\/wp\/v2\/pages\/159\/revisions"}],"predecessor-version":[{"id":1427,"href":"https:\/\/atrako.gov.al\/index.php?rest_route=\/wp\/v2\/pages\/159\/revisions\/1427"}],"wp:attachment":[{"href":"https:\/\/atrako.gov.al\/index.php?rest_route=%2Fwp%2Fv2%2Fmedia&parent=159"}],"curies":[{"name":"wp","href":"https:\/\/api.w.org\/{rel}","templated":true}]}}