{"id":150,"date":"2015-04-29T12:55:52","date_gmt":"2015-04-29T12:55:52","guid":{"rendered":"http:\/\/172.17.240.61\/?page_id=150"},"modified":"2020-01-23T12:42:15","modified_gmt":"2020-01-23T10:42:15","slug":"publikime","status":"publish","type":"page","link":"https:\/\/atrako.gov.al\/?page_id=150","title":{"rendered":"Publikime"},"content":{"rendered":"<p><strong><a href=\"http:\/\/www.atrako.gov.al\/wp-content\/uploads\/2016\/08\/format-studimi-fizib.docx\"><img loading=\"lazy\" decoding=\"async\" class=\"wp-image-1109 alignnone\" src=\"http:\/\/www.atrako.gov.al\/wp-content\/uploads\/2018\/09\/aplication-icon.png\" alt=\"\" width=\"47\" height=\"47\" srcset=\"https:\/\/atrako.gov.al\/wp-content\/uploads\/2018\/09\/aplication-icon.png 512w, https:\/\/atrako.gov.al\/wp-content\/uploads\/2018\/09\/aplication-icon-150x150.png 150w, https:\/\/atrako.gov.al\/wp-content\/uploads\/2018\/09\/aplication-icon-300x300.png 300w\" sizes=\"auto, (max-width: 47px) 100vw, 47px\" \/><\/a>\u00a0\u00a0\u00a0\u00a0\u00a0 <\/strong><a href=\"http:\/\/www.atrako.gov.al\/wp-content\/uploads\/2016\/08\/format-studimi-fizib.docx\"><strong>Format standard p\u00ebr p\u00ebrgatitjen e studimit t\u00eb fizibilitetit t\u00eb koncesionit\/ppp.<\/strong><\/a><\/p>\n<p><strong>\u00a0<\/strong><a href=\"http:\/\/www.atrako.gov.al\/?page_id=973\"><strong><img loading=\"lazy\" decoding=\"async\" class=\"wp-image-1093 alignnone\" src=\"http:\/\/www.atrako.gov.al\/wp-content\/uploads\/2018\/09\/manual-icon.png\" alt=\"\" width=\"42\" height=\"34\" \/><\/strong><\/a><strong>\u00a0\u00a0<\/strong><strong>\u00a0<\/strong><strong>\u00a0\u00a0 <\/strong><a href=\"http:\/\/www.atrako.gov.al\/?page_id=973\"><strong>Manual p\u00ebr p\u00ebrdoruesit e <\/strong><strong>koncesioneve dhe PPP ne Shqip\u00ebri.<\/strong><\/a><\/p>\n<p><strong>\u00a0 <a href=\"http:\/\/www.atrako.gov.al\/wp-content\/uploads\/2016\/10\/Users-Manual.pdf\"><img loading=\"lazy\" decoding=\"async\" class=\"wp-image-1095 alignnone\" src=\"http:\/\/www.atrako.gov.al\/wp-content\/uploads\/2018\/09\/iconf.png\" alt=\"\" width=\"42\" height=\"54\" srcset=\"https:\/\/atrako.gov.al\/wp-content\/uploads\/2018\/09\/iconf.png 322w, https:\/\/atrako.gov.al\/wp-content\/uploads\/2018\/09\/iconf-233x300.png 233w\" sizes=\"auto, (max-width: 42px) 100vw, 42px\" \/><\/a><\/strong><strong>\u00a0\u00a0\u00a0\u00a0 <\/strong><strong><a href=\"http:\/\/www.atrako.gov.al\/wp-content\/uploads\/2016\/10\/Users-Manual.pdf\">User`s Manual on concessions and PPP in Albania.<\/a><\/strong><\/p>\n<p><strong><a href=\"http:\/\/www.atrako.gov.al\/wp-content\/uploads\/2020\/01\/Udh\u00ebzues-p\u00ebr-kontratat-e-Partneritetit-Publik-Privat-t\u00eb-bazuar-n\u00eb-disponueshm\u00ebri.pdf\"><img loading=\"lazy\" decoding=\"async\" class=\"wp-image-1095 alignnone\" src=\"http:\/\/www.atrako.gov.al\/wp-content\/uploads\/2018\/09\/iconf.png\" alt=\"\" width=\"43\" height=\"55\" srcset=\"https:\/\/atrako.gov.al\/wp-content\/uploads\/2018\/09\/iconf.png 322w, https:\/\/atrako.gov.al\/wp-content\/uploads\/2018\/09\/iconf-233x300.png 233w\" sizes=\"auto, (max-width: 43px) 100vw, 43px\" \/><\/a>\u00a0\u00a0 \u00a0\u00a0 <a href=\"http:\/\/www.atrako.gov.al\/wp-content\/uploads\/2020\/01\/Udh\u00ebzues-p\u00ebr-kontratat-e-Partneritetit-Publik-Privat-t\u00eb-bazuar-n\u00eb-disponueshm\u00ebri.pdf\">Udh\u00ebzues p\u00ebr kontratat e Partneritetit Publik Privat t\u00eb bazuar n\u00eb disponueshm\u00ebri<\/a><\/strong><\/p>\n","protected":false},"excerpt":{"rendered":"<p>\u00a0\u00a0\u00a0\u00a0\u00a0 Format standard p\u00ebr p\u00ebrgatitjen e studimit t\u00eb fizibilitetit t\u00eb koncesionit\/ppp. \u00a0\u00a0\u00a0\u00a0\u00a0\u00a0 Manual p\u00ebr p\u00ebrdoruesit e koncesioneve dhe PPP ne Shqip\u00ebri. \u00a0 \u00a0\u00a0\u00a0\u00a0 User`s Manual on concessions and PPP in Albania. \u00a0\u00a0 \u00a0\u00a0 Udh\u00ebzues p\u00ebr kontratat e Partneritetit Publik Privat t\u00eb bazuar n\u00eb disponueshm\u00ebri<\/p>\n","protected":false},"author":1,"featured_media":0,"parent":0,"menu_order":0,"comment_status":"closed","ping_status":"open","template":"","meta":{"footnotes":""},"class_list":["post-150","page","type-page","status-publish",""],"_links":{"self":[{"href":"https:\/\/atrako.gov.al\/index.php?rest_route=\/wp\/v2\/pages\/150","targetHints":{"allow":["GET"]}}],"collection":[{"href":"https:\/\/atrako.gov.al\/index.php?rest_route=\/wp\/v2\/pages"}],"about":[{"href":"https:\/\/atrako.gov.al\/index.php?rest_route=\/wp\/v2\/types\/page"}],"author":[{"embeddable":true,"href":"https:\/\/atrako.gov.al\/index.php?rest_route=\/wp\/v2\/users\/1"}],"replies":[{"embeddable":true,"href":"https:\/\/atrako.gov.al\/index.php?rest_route=%2Fwp%2Fv2%2Fcomments&post=150"}],"version-history":[{"count":54,"href":"https:\/\/atrako.gov.al\/index.php?rest_route=\/wp\/v2\/pages\/150\/revisions"}],"predecessor-version":[{"id":1281,"href":"https:\/\/atrako.gov.al\/index.php?rest_route=\/wp\/v2\/pages\/150\/revisions\/1281"}],"wp:attachment":[{"href":"https:\/\/atrako.gov.al\/index.php?rest_route=%2Fwp%2Fv2%2Fmedia&parent=150"}],"curies":[{"name":"wp","href":"https:\/\/api.w.org\/{rel}","templated":true}]}}